{"id":1471,"date":"2017-02-15T14:14:28","date_gmt":"2017-02-15T19:14:28","guid":{"rendered":"https:\/\/www.soquem.qc.ca\/nous-joindre\/"},"modified":"2025-01-08T15:34:34","modified_gmt":"2025-01-08T20:34:34","slug":"contact","status":"publish","type":"page","link":"https:\/\/www.soquem.qc.ca\/en\/contact\/","title":{"rendered":"Contact"},"content":{"rendered":"<div id=\"pl-1471\"  class=\"panel-layout\" ><div id=\"pg-1471-0\"  class=\"panel-grid panel-has-style\" ><div class=\"background-gradient siteorigin-panels-stretch panel-row-style panel-row-style-for-1471-0\" data-stretch-type=\"full\" ><div id=\"pgc-1471-0-0\"  class=\"panel-grid-cell\" ><div id=\"panel-1471-0-0-0\" class=\"so-panel widget widget_siteorigin-panels-builder panel-first-child panel-last-child\" data-index=\"0\" ><div id=\"pl-w5c49e71b2332f\"  class=\"panel-layout\" ><div id=\"pg-w5c49e71b2332f-0\"  class=\"panel-grid panel-has-style\" ><div class=\"siteorigin-panels-stretch boxed panel-row-style panel-row-style-for-w5c49e71b2332f-0\" ><div id=\"pgc-w5c49e71b2332f-0-0\"  class=\"panel-grid-cell\" ><div id=\"panel-w5c49e71b2332f-0-0-0\" class=\"so-panel widget widget_liste-emplacements panel-first-child panel-last-child\" data-index=\"0\" ><div\n\t\t\t\n\t\t\tclass=\"so-widget-liste-emplacements so-widget-liste-emplacements-base\"\n\t\t\t\n\t\t><div class=\"liste-emplacements\"><div class=\"boxed\"><div class=\"layout-flex\"><div class=\"layout-50\"><div class=\"emplacement\"><h4 class=\"emplacement-titre\">Val-d'Or office (Head office)<\/h4><div class=\"emplacement-info emplacement-entreprise\">SOQUEM<\/div><div class=\"emplacement-info emplacement-adresse\">1740, Chemin Sullivan, Suite 2000<br \/>\r\nVal-d'Or, Quebec J9P 7H1<\/div><ul class=\"liste-icone-soquem\"><li><div class=\"emplacement-info emplacement-telephone\"><i class=\"fal fa-phone\"><\/i>819 874-3773<\/div><\/li><\/ul><div class=\"emplacement-info emplacement-courriel\"><a href=\"mailto:info@soquem.qc.ca\">info@soquem.qc.ca<\/a><\/div><\/div><\/div><div class=\"layout-50\"><div class=\"emplacement\"><h4 class=\"emplacement-titre\">Chibougamau regional office<\/h4><div class=\"emplacement-info emplacement-entreprise\">SOQUEM INC.<\/div><div class=\"emplacement-info emplacement-adresse\">462, 3e rue, Suite 1<br \/>\r\nChibougamau, Quebec G8P 1N7<\/div><ul class=\"liste-icone-soquem\"><li><div class=\"emplacement-info emplacement-telephone\"><i class=\"fal fa-phone\"><\/i>819 874-3773<\/div><\/li><\/ul><div class=\"emplacement-info emplacement-courriel\"><a href=\"mailto:info@soquem.qc.ca\">info@soquem.qc.ca<\/a><\/div><\/div><\/div><\/div><\/div><\/div><\/div><\/div><\/div><\/div><\/div><\/div><\/div><\/div><\/div><\/div><div id=\"pg-1471-1\"  class=\"panel-grid panel-has-style\" ><div class=\"googlemap siteorigin-panels-stretch panel-row-style panel-row-style-for-1471-1\" data-stretch-type=\"full\" ><div id=\"pgc-1471-1-0\"  class=\"panel-grid-cell\" ><div id=\"panel-1471-1-0-0\" class=\"so-panel widget widget_sow-google-map panel-first-child panel-last-child\" data-index=\"1\" ><div\n\t\t\t\n\t\t\tclass=\"so-widget-sow-google-map so-widget-sow-google-map-default-b88d8afbca7f-1471\"\n\t\t\t\n\t\t>\n<div class=\"sow-google-map-canvas\"\n\tstyle=\"\"\n\tid=\"map-canvas-a34979ce70803919075724abdc2cebcf\"\n\tdata-options=\"{&quot;address&quot;:&quot;49.052874, -76.981467&quot;,&quot;zoom&quot;:7,&quot;mobileZoom&quot;:7,&quot;gestureHandling&quot;:&quot;cooperative&quot;,&quot;disableUi&quot;:false,&quot;markerIcon&quot;:&quot;https:\\\/\\\/www.soquem.qc.ca\\\/wp-content\\\/uploads\\\/icone-marqeur-soquem.svg&quot;,&quot;markersDraggable&quot;:false,&quot;markerAtCenter&quot;:false,&quot;markerInfoDisplay&quot;:&quot;click&quot;,&quot;markerInfoMultiple&quot;:true,&quot;markerPositions&quot;:[{&quot;place&quot;:&quot;48.1094756, -77.8148746&quot;,&quot;info&quot;:&quot;&lt;div class=\\&quot;emplacement-info emplacement-entreprise\\&quot;&gt;&lt;strong&gt;SOQUEM inc.&lt;\\\/strong&gt;&lt;\\\/div&gt;\\n&lt;div class=\\&quot;emplacement-info emplacement-adresse\\&quot;&gt;1740, Chemin Sullivan, Suite 2000&lt;\\\/div&gt;\\n&lt;div class=\\&quot;emplacement-info emplacement-adresse\\&quot;&gt;Val-d&#039;Or, Quebec J9P 7H1&lt;\\\/div&gt;\\n&lt;div&gt;&lt;\\\/div&gt;\\n&lt;div class=\\&quot;emplacement-info emplacement-telephone\\&quot;&gt;&lt;a href=\\&quot;mailto:info@soquem.qc.ca\\&quot;&gt;info@soquem.qc.ca&lt;\\\/a&gt;&lt;\\\/div&gt;\\n&lt;div class=\\&quot;emplacement-info emplacement-telephone\\&quot;&gt;T : 819-874-3773&lt;\\\/div&gt;\\n&lt;div&gt;&lt;\\\/div&gt;\\n&lt;div&gt;\\n&lt;p class=\\&quot;emplacement-titre\\&quot;&gt;&lt;strong&gt;VAL-D&#039;OR OFFICE (HEAD OFFICE)&lt;br \\\/&gt;\\n&lt;\\\/strong&gt;&lt;\\\/p&gt;\\n&lt;\\\/div&gt;\\n&quot;,&quot;infoSelectedEditor&quot;:&quot;tmce&quot;,&quot;infoMaxWidth&quot;:&quot;&quot;,&quot;customMarkerIcon&quot;:0,&quot;customMarkerIconSize&quot;:&quot;&quot;},{&quot;place&quot;:&quot;49.9134921, -74.3617802&quot;,&quot;info&quot;:&quot;&lt;div class=\\&quot;emplacement-info emplacement-entreprise\\&quot;&gt;&lt;strong&gt;SOQUEM inc.&lt;\\\/strong&gt;&lt;\\\/div&gt;\\n&lt;div class=\\&quot;emplacement-info emplacement-adresse\\&quot;&gt;462, 3e rue, Suite 1&lt;\\\/div&gt;\\n&lt;div class=\\&quot;emplacement-info emplacement-adresse\\&quot;&gt;Chibougamau, Quebec G8P 1N7&lt;\\\/div&gt;\\n&lt;div&gt;&lt;\\\/div&gt;\\n&lt;div class=\\&quot;emplacement-info emplacement-telephone\\&quot;&gt;&lt;a href=\\&quot;mailto:info@soquem.qc.ca\\&quot;&gt;info@soquem.qc.ca&lt;\\\/a&gt;&lt;\\\/div&gt;\\n&lt;div class=\\&quot;emplacement-info emplacement-telephone\\&quot;&gt;T : 819 874-3773&lt;\\\/div&gt;\\n&lt;div&gt;&lt;\\\/div&gt;\\n&lt;div&gt;\\n&lt;p class=\\&quot;emplacement-titre\\&quot;&gt;&lt;strong&gt;CHIBOUGAMAU REGIONAL OFFICE&lt;br \\\/&gt;\\n&lt;\\\/strong&gt;&lt;\\\/p&gt;\\n&lt;\\\/div&gt;\\n&quot;,&quot;infoSelectedEditor&quot;:&quot;tmce&quot;,&quot;infoMaxWidth&quot;:&quot;&quot;,&quot;customMarkerIcon&quot;:0,&quot;customMarkerIconSize&quot;:&quot;&quot;}],&quot;mapName&quot;:&quot;Custom Map&quot;,&quot;mapStyles&quot;:[{&quot;featureType&quot;:&quot;administrative&quot;,&quot;elementType&quot;:&quot;all&quot;,&quot;stylers&quot;:[{&quot;saturation&quot;:&quot;-100&quot;},{&quot;visibility&quot;:&quot;simplified&quot;}]},{&quot;featureType&quot;:&quot;administrative.province&quot;,&quot;elementType&quot;:&quot;all&quot;,&quot;stylers&quot;:[{&quot;visibility&quot;:&quot;off&quot;}]},{&quot;featureType&quot;:&quot;landscape&quot;,&quot;elementType&quot;:&quot;all&quot;,&quot;stylers&quot;:[{&quot;saturation&quot;:-100},{&quot;lightness&quot;:65},{&quot;color&quot;:&quot;#f7f7f7&quot;}]},{&quot;featureType&quot;:&quot;poi&quot;,&quot;elementType&quot;:&quot;all&quot;,&quot;stylers&quot;:[{&quot;saturation&quot;:&quot;-13&quot;},{&quot;lightness&quot;:&quot;100&quot;},{&quot;color&quot;:&quot;#aebfe2&quot;},{&quot;visibility&quot;:&quot;simplified&quot;}]},{&quot;featureType&quot;:&quot;road&quot;,&quot;elementType&quot;:&quot;all&quot;,&quot;stylers&quot;:[{&quot;saturation&quot;:&quot;-100&quot;}]},{&quot;featureType&quot;:&quot;road.highway&quot;,&quot;elementType&quot;:&quot;all&quot;,&quot;stylers&quot;:[{&quot;visibility&quot;:&quot;off&quot;}]},{&quot;featureType&quot;:&quot;road.arterial&quot;,&quot;elementType&quot;:&quot;all&quot;,&quot;stylers&quot;:[{&quot;lightness&quot;:&quot;30&quot;}]},{&quot;featureType&quot;:&quot;road.local&quot;,&quot;elementType&quot;:&quot;all&quot;,&quot;stylers&quot;:[{&quot;lightness&quot;:&quot;40&quot;}]},{&quot;featureType&quot;:&quot;transit&quot;,&quot;elementType&quot;:&quot;all&quot;,&quot;stylers&quot;:[{&quot;saturation&quot;:-100},{&quot;visibility&quot;:&quot;simplified&quot;}]},{&quot;featureType&quot;:&quot;water&quot;,&quot;elementType&quot;:&quot;geometry&quot;,&quot;stylers&quot;:[{&quot;lightness&quot;:-25},{&quot;saturation&quot;:-97},{&quot;color&quot;:&quot;#003057&quot;}]},{&quot;featureType&quot;:&quot;water&quot;,&quot;elementType&quot;:&quot;labels&quot;,&quot;stylers&quot;:[{&quot;lightness&quot;:-25},{&quot;saturation&quot;:-100}]}],&quot;directions&quot;:&quot;&quot;,&quot;apiKey&quot;:&quot;AIzaSyDYkhi-UOB7EE54neCt-FwpveHDKXyxV50&quot;,&quot;breakpoint&quot;:780}\"\n\tdata-fallback-image=\"{&quot;img&quot;:&quot;&quot;}\"><\/div>\n<\/div><\/div><\/div><\/div><\/div><div id=\"pg-1471-2\"  class=\"panel-grid panel-has-style\" ><div class=\"dark formulairecontact siteorigin-panels-stretch panel-row-style panel-row-style-for-1471-2\" data-stretch-type=\"full\" ><div id=\"pgc-1471-2-0\"  class=\"panel-grid-cell\" ><div id=\"panel-1471-2-0-0\" class=\"so-panel widget widget_siteorigin-panels-builder panel-first-child panel-last-child\" data-index=\"2\" ><div id=\"pl-w5c49e76d85379\"  class=\"panel-layout\" ><div id=\"pg-w5c49e76d85379-0\"  class=\"panel-grid panel-has-style\" ><div class=\"siteorigin-panels-stretch boxed panel-row-style panel-row-style-for-w5c49e76d85379-0\" ><div id=\"pgc-w5c49e76d85379-0-0\"  class=\"panel-grid-cell\" ><div id=\"panel-w5c49e76d85379-0-0-0\" class=\"so-panel widget widget_element-titre panel-first-child\" data-index=\"0\" ><div\n\t\t\t\n\t\t\tclass=\"so-widget-element-titre so-widget-element-titre-base\"\n\t\t\t\n\t\t><div class=\"centre\"><h2>Send us a message<\/h2><\/div><\/div><\/div><div id=\"panel-w5c49e76d85379-0-0-1\" class=\"so-panel widget widget_gform_widget gform_widget panel-last-child\" data-index=\"1\" ><script type=\"text\/javascript\">\n\/* <![CDATA[ *\/\nvar gform;gform||(document.addEventListener(\"gform_main_scripts_loaded\",function(){gform.scriptsLoaded=!0}),document.addEventListener(\"gform\/theme\/scripts_loaded\",function(){gform.themeScriptsLoaded=!0}),window.addEventListener(\"DOMContentLoaded\",function(){gform.domLoaded=!0}),gform={domLoaded:!1,scriptsLoaded:!1,themeScriptsLoaded:!1,isFormEditor:()=>\"function\"==typeof InitializeEditor,callIfLoaded:function(o){return!(!gform.domLoaded||!gform.scriptsLoaded||!gform.themeScriptsLoaded&&!gform.isFormEditor()||(gform.isFormEditor()&&console.warn(\"The use of gform.initializeOnLoaded() is deprecated in the form editor context and will be removed in Gravity Forms 3.1.\"),o(),0))},initializeOnLoaded:function(o){gform.callIfLoaded(o)||(document.addEventListener(\"gform_main_scripts_loaded\",()=>{gform.scriptsLoaded=!0,gform.callIfLoaded(o)}),document.addEventListener(\"gform\/theme\/scripts_loaded\",()=>{gform.themeScriptsLoaded=!0,gform.callIfLoaded(o)}),window.addEventListener(\"DOMContentLoaded\",()=>{gform.domLoaded=!0,gform.callIfLoaded(o)}))},hooks:{action:{},filter:{}},addAction:function(o,r,e,t){gform.addHook(\"action\",o,r,e,t)},addFilter:function(o,r,e,t){gform.addHook(\"filter\",o,r,e,t)},doAction:function(o){gform.doHook(\"action\",o,arguments)},applyFilters:function(o){return gform.doHook(\"filter\",o,arguments)},removeAction:function(o,r){gform.removeHook(\"action\",o,r)},removeFilter:function(o,r,e){gform.removeHook(\"filter\",o,r,e)},addHook:function(o,r,e,t,n){null==gform.hooks[o][r]&&(gform.hooks[o][r]=[]);var d=gform.hooks[o][r];null==n&&(n=r+\"_\"+d.length),gform.hooks[o][r].push({tag:n,callable:e,priority:t=null==t?10:t})},doHook:function(r,o,e){var t;if(e=Array.prototype.slice.call(e,1),null!=gform.hooks[r][o]&&((o=gform.hooks[r][o]).sort(function(o,r){return o.priority-r.priority}),o.forEach(function(o){\"function\"!=typeof(t=o.callable)&&(t=window[t]),\"action\"==r?t.apply(null,e):e[0]=t.apply(null,e)})),\"filter\"==r)return e[0]},removeHook:function(o,r,t,n){var e;null!=gform.hooks[o][r]&&(e=(e=gform.hooks[o][r]).filter(function(o,r,e){return!!(null!=n&&n!=o.tag||null!=t&&t!=o.priority)}),gform.hooks[o][r]=e)}});\n\/* ]]> *\/\n<\/script>\n\n                <div class='gf_browser_gecko gform_wrapper gform_legacy_markup_wrapper gform-theme--no-framework' data-form-theme='legacy' data-form-index='0' id='gform_wrapper_1' ><div id='gf_1' class='gform_anchor' tabindex='-1'><\/div><form method='post' enctype='multipart\/form-data' target='gform_ajax_frame_1' id='gform_1'  action='\/en\/wp-json\/wp\/v2\/pages\/1471#gf_1' data-formid='1' novalidate> \r\n <input type='hidden' class='gforms-pum' value='{\"closepopup\":false,\"closedelay\":0,\"openpopup\":false,\"openpopup_id\":0}' \/>\n                        <div class='gform-body gform_body'><ul id='gform_fields_1' class='gform_fields top_label form_sublabel_below description_below validation_below'><li id=\"field_1_11\" class=\"gfield gfield--type-honeypot gform_validation_container field_sublabel_below gfield--has-description field_description_below field_validation_below gfield_visibility_visible\"  ><label class='gfield_label gform-field-label' for='input_1_11'>X\/Twitter<\/label><div class='ginput_container'><input name='input_11' id='input_1_11' type='text' value='' autocomplete='new-password'\/><\/div><div class='gfield_description' id='gfield_description_1_11'>This field is for validation purposes and should be left unchanged.<\/div><\/li><li id=\"field_1_2\" class=\"gfield gfield--type-text gf_left_half gfield_contains_required field_sublabel_below gfield--no-description field_description_below hidden_label field_validation_below gfield_visibility_visible\"  ><label class='gfield_label gform-field-label' for='input_1_2'>Pr\u00e9nom<span class=\"gfield_required\"><span class=\"gfield_required gfield_required_asterisk\">*<\/span><\/span><\/label><div class='ginput_container ginput_container_text'><input name='input_2' id='input_1_2' type='text' value='' class='large'   tabindex='1' placeholder='Pr\u00e9nom' aria-required=\"true\" aria-invalid=\"false\"   \/><\/div><\/li><li id=\"field_1_1\" class=\"gfield gfield--type-text gf_right_half gfield_contains_required field_sublabel_below gfield--no-description field_description_below hidden_label field_validation_below gfield_visibility_visible\"  ><label class='gfield_label gform-field-label' for='input_1_1'>Nom<span class=\"gfield_required\"><span class=\"gfield_required gfield_required_asterisk\">*<\/span><\/span><\/label><div class='ginput_container ginput_container_text'><input name='input_1' id='input_1_1' type='text' value='' class='large'   tabindex='2' placeholder='Nom' aria-required=\"true\" aria-invalid=\"false\"   \/><\/div><\/li><li id=\"field_1_6\" class=\"gfield gfield--type-phone gf_left_half field_sublabel_below gfield--no-description field_description_below hidden_label field_validation_below gfield_visibility_visible\"  ><label class='gfield_label gform-field-label' for='input_1_6'>T\u00e9l\u00e9phone<\/label><div class='ginput_container ginput_container_phone'><input name='input_6' id='input_1_6' type='tel' value='' class='large' tabindex='3' placeholder='T\u00e9l\u00e9phone'  aria-invalid=\"false\"   \/><\/div><\/li><li id=\"field_1_5\" class=\"gfield gfield--type-email gf_right_half gfield_contains_required field_sublabel_below gfield--no-description field_description_below hidden_label field_validation_below gfield_visibility_visible\"  ><label class='gfield_label gform-field-label' for='input_1_5'>E-mail<span class=\"gfield_required\"><span class=\"gfield_required gfield_required_asterisk\">*<\/span><\/span><\/label><div class='ginput_container ginput_container_email'>\n                            <input name='input_5' id='input_1_5' type='email' value='' class='medium' tabindex='4'  placeholder='Courriel' aria-required=\"true\" aria-invalid=\"false\"  \/>\n                        <\/div><\/li><li id=\"field_1_10\" class=\"gfield gfield--type-text field_sublabel_below gfield--no-description field_description_below field_validation_below gfield_visibility_visible\"  ><label class='gfield_label gform-field-label screen-reader-text' for='input_1_10'>Sujet<\/label><div class='ginput_container ginput_container_text'><input name='input_10' id='input_1_10' type='text' value='' class='large'   tabindex='5' placeholder='Sujet'  aria-invalid=\"false\"   \/><\/div><\/li><li id=\"field_1_9\" class=\"gfield gfield--type-textarea gfield_contains_required field_sublabel_below gfield--no-description field_description_below hidden_label field_validation_below gfield_visibility_visible\"  ><label class='gfield_label gform-field-label' for='input_1_9'>Description<span class=\"gfield_required\"><span class=\"gfield_required gfield_required_asterisk\">*<\/span><\/span><\/label><div class='ginput_container ginput_container_textarea'><textarea name='input_9' id='input_1_9' class='textarea large' tabindex='6'   placeholder='Description' aria-required=\"true\" aria-invalid=\"false\"   rows='10' cols='50'><\/textarea><\/div><\/li><\/ul><\/div>\n        <div class='gform-footer gform_footer top_label'> <input type='submit' id='gform_submit_button_1' class='gform_button button' onclick='gform.submission.handleButtonClick(this);' data-submission-type='submit' value='Envoyer' tabindex='7' \/> <input type='hidden' name='gform_ajax' value='form_id=1&amp;title=&amp;description=&amp;tabindex=1&amp;theme=legacy&amp;hash=039dce8a1ef8ad2a42d3d6adff68ce19' \/>\n            <input type='hidden' class='gform_hidden' name='gform_submission_method' data-js='gform_submission_method_1' value='iframe' \/>\n            <input type='hidden' class='gform_hidden' name='gform_theme' data-js='gform_theme_1' id='gform_theme_1' value='legacy' \/>\n            <input type='hidden' class='gform_hidden' name='gform_style_settings' data-js='gform_style_settings_1' id='gform_style_settings_1' value='' \/>\n            <input type='hidden' class='gform_hidden' name='is_submit_1' value='1' \/>\n            <input type='hidden' class='gform_hidden' name='gform_submit' value='1' \/>\n            \n            <input type='hidden' class='gform_hidden' name='gform_currency' data-currency='CAD' value='AXtMxaypb4EfdS9nhLU0oJ7\/0\/rQhFvw0KxfNQB6737+dK0Hy0lT7M1vIxWHEq+IvJM\/IP1wOSCrxW+CTOfSAG2mcIJh+Ae3cL3qAiXXD+6mzDg=' \/>\n            <input type='hidden' class='gform_hidden' name='gform_unique_id' value='' \/>\n            <input type='hidden' class='gform_hidden' name='state_1' value='WyJbXSIsImM2Y2FhNWM5Y2QzNDlkYTk1MjhkN2RhMDgyNDNmODM0Il0=' \/>\n            <input type='hidden' autocomplete='off' class='gform_hidden' name='gform_target_page_number_1' id='gform_target_page_number_1' value='0' \/>\n            <input type='hidden' autocomplete='off' class='gform_hidden' name='gform_source_page_number_1' id='gform_source_page_number_1' value='1' \/>\n            <input type='hidden' name='gform_field_values' value='' \/>\n            \n        <\/div>\n                        <\/form>\n                        <\/div>\n\t\t                <iframe style='display:none;width:0px;height:0px;' src='about:blank' name='gform_ajax_frame_1' id='gform_ajax_frame_1' title='This iframe contains the logic required to handle Ajax powered Gravity Forms.'><\/iframe>\n\t\t                <script type=\"text\/javascript\">\n\/* <![CDATA[ *\/\n gform.initializeOnLoaded( function() {gformInitSpinner( 1, 'https:\/\/www.soquem.qc.ca\/wp-content\/plugins\/gravityforms\/images\/spinner.svg', true );jQuery('#gform_ajax_frame_1').on('load',function(){var contents = jQuery(this).contents().find('*').html();var is_postback = contents.indexOf('GF_AJAX_POSTBACK') >= 0;if(!is_postback){return;}var form_content = jQuery(this).contents().find('#gform_wrapper_1');var is_confirmation = jQuery(this).contents().find('#gform_confirmation_wrapper_1').length > 0;var is_redirect = contents.indexOf('gformRedirect(){') >= 0;var is_form = form_content.length > 0 && ! is_redirect && ! is_confirmation;var mt = parseInt(jQuery('html').css('margin-top'), 10) + parseInt(jQuery('body').css('margin-top'), 10) + 100;if(is_form){jQuery('#gform_wrapper_1').html(form_content.html());if(form_content.hasClass('gform_validation_error')){jQuery('#gform_wrapper_1').addClass('gform_validation_error');} else {jQuery('#gform_wrapper_1').removeClass('gform_validation_error');}setTimeout( function() { \/* delay the scroll by 50 milliseconds to fix a bug in chrome *\/ jQuery(document).scrollTop(jQuery('#gform_wrapper_1').offset().top - mt); }, 50 );if(window['gformInitDatepicker']) {gformInitDatepicker();}if(window['gformInitPriceFields']) {gformInitPriceFields();}var current_page = jQuery('#gform_source_page_number_1').val();gformInitSpinner( 1, 'https:\/\/www.soquem.qc.ca\/wp-content\/plugins\/gravityforms\/images\/spinner.svg', true );jQuery(document).trigger('gform_page_loaded', [1, current_page]);window['gf_submitting_1'] = false;}else if(!is_redirect){var confirmation_content = jQuery(this).contents().find('.GF_AJAX_POSTBACK').html();if(!confirmation_content){confirmation_content = contents;}jQuery('#gform_wrapper_1').replaceWith(confirmation_content);jQuery(document).scrollTop(jQuery('#gf_1').offset().top - mt);jQuery(document).trigger('gform_confirmation_loaded', [1]);window['gf_submitting_1'] = false;wp.a11y.speak(jQuery('#gform_confirmation_message_1').text());}else{jQuery('#gform_1').append(contents);if(window['gformRedirect']) {gformRedirect();}}jQuery(document).trigger(\"gform_pre_post_render\", [{ formId: \"1\", currentPage: \"current_page\", abort: function() { this.preventDefault(); } }]);        if (event && event.defaultPrevented) {                return;        }        const gformWrapperDiv = document.getElementById( \"gform_wrapper_1\" );        if ( gformWrapperDiv ) {            const visibilitySpan = document.createElement( \"span\" );            visibilitySpan.id = \"gform_visibility_test_1\";            gformWrapperDiv.insertAdjacentElement( \"afterend\", visibilitySpan );        }        const visibilityTestDiv = document.getElementById( \"gform_visibility_test_1\" );        let postRenderFired = false;        function triggerPostRender() {            if ( postRenderFired ) {                return;            }            postRenderFired = true;            gform.core.triggerPostRenderEvents( 1, current_page );            if ( visibilityTestDiv ) {                visibilityTestDiv.parentNode.removeChild( visibilityTestDiv );            }        }        function debounce( func, wait, immediate ) {            var timeout;            return function() {                var context = this, args = arguments;                var later = function() {                    timeout = null;                    if ( !immediate ) func.apply( context, args );                };                var callNow = immediate && !timeout;                clearTimeout( timeout );                timeout = setTimeout( later, wait );                if ( callNow ) func.apply( context, args );            };        }        const debouncedTriggerPostRender = debounce( function() {            triggerPostRender();        }, 200 );        if ( visibilityTestDiv && visibilityTestDiv.offsetParent === null ) {            const observer = new MutationObserver( ( mutations ) => {                mutations.forEach( ( mutation ) => {                    if ( mutation.type === 'attributes' && visibilityTestDiv.offsetParent !== null ) {                        debouncedTriggerPostRender();                        observer.disconnect();                    }                });            });            observer.observe( document.body, {                attributes: true,                childList: false,                subtree: true,                attributeFilter: [ 'style', 'class' ],            });        } else {            triggerPostRender();        }    } );} ); \n\/* ]]> *\/\n<\/script>\n<\/div><\/div><\/div><\/div><\/div><\/div><\/div><\/div><\/div><\/div>","protected":false},"excerpt":{"rendered":"<p>Val-d&#8217;Or office (Head office)SOQUEM1740, Chemin Sullivan, Suite 2000 Val-d&#8217;Or, Quebec J9P 7H1819 874-3773info@soquem.qc.caChibougamau regional officeSOQUEM INC.462, 3e rue, Suite 1 Chibougamau, Quebec G8P 1N7819 874-3773info@soquem.qc.ca Send us a message CommentsThis field is for validation purposes and should be left unchanged.Pr\u00e9nom*Nom*T\u00e9l\u00e9phoneE-mail* SujetDescription*<\/p>\n","protected":false},"author":1,"featured_media":0,"parent":0,"menu_order":24,"comment_status":"closed","ping_status":"closed","template":"","meta":{"_exactmetrics_skip_tracking":false,"_exactmetrics_sitenote_active":false,"_exactmetrics_sitenote_note":"","_exactmetrics_sitenote_category":0,"footnotes":""},"class_list":["post-1471","page","type-page","status-publish","hentry"],"_links":{"self":[{"href":"https:\/\/www.soquem.qc.ca\/en\/wp-json\/wp\/v2\/pages\/1471","targetHints":{"allow":["GET"]}}],"collection":[{"href":"https:\/\/www.soquem.qc.ca\/en\/wp-json\/wp\/v2\/pages"}],"about":[{"href":"https:\/\/www.soquem.qc.ca\/en\/wp-json\/wp\/v2\/types\/page"}],"author":[{"embeddable":true,"href":"https:\/\/www.soquem.qc.ca\/en\/wp-json\/wp\/v2\/users\/1"}],"replies":[{"embeddable":true,"href":"https:\/\/www.soquem.qc.ca\/en\/wp-json\/wp\/v2\/comments?post=1471"}],"version-history":[{"count":7,"href":"https:\/\/www.soquem.qc.ca\/en\/wp-json\/wp\/v2\/pages\/1471\/revisions"}],"predecessor-version":[{"id":3686,"href":"https:\/\/www.soquem.qc.ca\/en\/wp-json\/wp\/v2\/pages\/1471\/revisions\/3686"}],"wp:attachment":[{"href":"https:\/\/www.soquem.qc.ca\/en\/wp-json\/wp\/v2\/media?parent=1471"}],"curies":[{"name":"wp","href":"https:\/\/api.w.org\/{rel}","templated":true}]}}