{"id":1468,"date":"2018-11-15T14:07:03","date_gmt":"2018-11-15T19:07:03","guid":{"rendered":"https:\/\/www.soquem.qc.ca\/emplois\/"},"modified":"2019-01-24T11:18:53","modified_gmt":"2019-01-24T16:18:53","slug":"careers","status":"publish","type":"page","link":"https:\/\/www.soquem.qc.ca\/en\/careers\/","title":{"rendered":"Careers"},"content":{"rendered":"<div id=\"pl-1468\"  class=\"panel-layout\" ><div id=\"pg-1468-0\"  class=\"panel-grid panel-has-style\" ><div class=\"background-gradient siteorigin-panels-stretch panel-row-style panel-row-style-for-1468-0\" data-stretch-type=\"full\" ><div id=\"pgc-1468-0-0\"  class=\"panel-grid-cell\" ><div id=\"panel-1468-0-0-0\" class=\"so-panel widget widget_siteorigin-panels-builder panel-first-child panel-last-child\" data-index=\"0\" ><div class=\"panel-widget-style panel-widget-style-for-1468-0-0-0\" ><div id=\"pl-w5c49e2afcfffa\"  class=\"panel-layout\" ><div id=\"pg-w5c49e2afcfffa-0\"  class=\"panel-grid panel-has-style\" ><div class=\"siteorigin-panels-stretch boxed panel-row-style panel-row-style-for-w5c49e2afcfffa-0\" ><div id=\"pgc-w5c49e2afcfffa-0-0\"  class=\"panel-grid-cell\" ><div id=\"panel-w5c49e2afcfffa-0-0-0\" class=\"so-panel widget widget_texte_generique panel-first-child panel-last-child\" data-index=\"0\" ><div\n\t\t\t\n\t\t\tclass=\"so-widget-texte_generique so-widget-texte_generique-base\"\n\t\t\t\n\t\t><div class=\"texte-generique-wrap\"><div class=\"tg-titre\"><h2>A career with SOQUEM<\/h2><\/div><div class=\"tg-texte\"><p>SOQUEM offers challenging and rewarding career opportunities in the field of geoscience, technical support, and management. It also offers competitive salaries and applies the principles of equal access to employment.<\/p>\n<\/div><\/div><\/div><\/div><\/div><\/div><\/div><\/div><\/div><\/div><\/div><\/div><\/div><div id=\"pg-1468-1\"  class=\"panel-grid panel-has-style\" ><div class=\"banner so-parallax siteorigin-panels-stretch panel-row-style panel-row-style-for-1468-1\" data-stretch-type=\"full\" ><img fetchpriority=\"high\" decoding=\"async\" width=\"2000\" height=\"1046\" src=\"https:\/\/www.soquem.qc.ca\/wp-content\/uploads\/carriere-exploraiton-mine-soquem.jpg\" class=\"attachment-full size-full\" alt=\"\u00c9quipe - SOQUEM Leader de l&#039;exploration mini\u00e8re au Qu\u00e9bec\" data-siteorigin-parallax=\"true\" loading=\"eager\" srcset=\"https:\/\/www.soquem.qc.ca\/wp-content\/uploads\/carriere-exploraiton-mine-soquem.jpg 2000w, https:\/\/www.soquem.qc.ca\/wp-content\/uploads\/carriere-exploraiton-mine-soquem-300x157.jpg 300w, https:\/\/www.soquem.qc.ca\/wp-content\/uploads\/carriere-exploraiton-mine-soquem-768x402.jpg 768w, https:\/\/www.soquem.qc.ca\/wp-content\/uploads\/carriere-exploraiton-mine-soquem-1024x536.jpg 1024w\" sizes=\"(max-width: 2000px) 100vw, 2000px\" \/><div id=\"pgc-1468-1-0\"  class=\"panel-grid-cell panel-grid-cell-empty\" ><\/div><\/div><\/div><div id=\"pg-1468-2\"  class=\"panel-grid panel-has-style\" ><div class=\"background-gradient siteorigin-panels-stretch panel-row-style panel-row-style-for-1468-2\" data-stretch-type=\"full\" ><div id=\"pgc-1468-2-0\"  class=\"panel-grid-cell\" ><div id=\"panel-1468-2-0-0\" class=\"so-panel widget widget_siteorigin-panels-builder panel-first-child panel-last-child\" data-index=\"1\" ><div class=\"panel-widget-style panel-widget-style-for-1468-2-0-0\" ><div id=\"pl-w5c098fda566f6\"  class=\"panel-layout\" ><div id=\"pg-w5c098fda566f6-0\"  class=\"panel-grid panel-has-style\" ><div class=\"siteorigin-panels-stretch boxed panel-row-style panel-row-style-for-w5c098fda566f6-0\" ><div id=\"pgc-w5c098fda566f6-0-0\"  class=\"panel-grid-cell\" ><div\n\t\t\t\n\t\t\tclass=\"so-widget-liste-emplois so-widget-liste-emplois-base\"\n\t\t\t\n\t\t><div class=\"liste-emplois\"><div class=\"layout-flex\"><\/div><\/div><\/div><\/div><\/div><\/div><\/div><\/div><\/div><\/div><\/div><\/div><div id=\"pg-1468-3\"  class=\"panel-grid panel-has-style\" ><div class=\"dark formulairecontact siteorigin-panels-stretch panel-row-style panel-row-style-for-1468-3\" data-stretch-type=\"full\" ><div id=\"pgc-1468-3-0\"  class=\"panel-grid-cell\" ><div id=\"panel-1468-3-0-0\" class=\"so-panel widget widget_siteorigin-panels-builder panel-first-child panel-last-child\" data-index=\"2\" ><div id=\"pl-w5c49e56d0557e\"  class=\"panel-layout\" ><div id=\"pg-w5c49e56d0557e-0\"  class=\"panel-grid panel-has-style\" ><div class=\"siteorigin-panels-stretch boxed panel-row-style panel-row-style-for-w5c49e56d0557e-0\" ><div id=\"pgc-w5c49e56d0557e-0-0\"  class=\"panel-grid-cell\" ><div id=\"panel-w5c49e56d0557e-0-0-0\" class=\"so-panel widget widget_element-titre panel-first-child\" data-index=\"0\" ><div\n\t\t\t\n\t\t\tclass=\"so-widget-element-titre so-widget-element-titre-base\"\n\t\t\t\n\t\t><div class=\"centre\"><h2>Spontaneous application<\/h2><\/div><\/div><\/div><div id=\"panel-w5c49e56d0557e-0-0-1\" class=\"so-panel widget widget_gform_widget gform_widget panel-last-child\" data-index=\"1\" ><script type=\"text\/javascript\">\n\/* <![CDATA[ *\/\nvar gform;gform||(document.addEventListener(\"gform_main_scripts_loaded\",function(){gform.scriptsLoaded=!0}),document.addEventListener(\"gform\/theme\/scripts_loaded\",function(){gform.themeScriptsLoaded=!0}),window.addEventListener(\"DOMContentLoaded\",function(){gform.domLoaded=!0}),gform={domLoaded:!1,scriptsLoaded:!1,themeScriptsLoaded:!1,isFormEditor:()=>\"function\"==typeof InitializeEditor,callIfLoaded:function(o){return!(!gform.domLoaded||!gform.scriptsLoaded||!gform.themeScriptsLoaded&&!gform.isFormEditor()||(gform.isFormEditor()&&console.warn(\"The use of gform.initializeOnLoaded() is deprecated in the form editor context and will be removed in Gravity Forms 3.1.\"),o(),0))},initializeOnLoaded:function(o){gform.callIfLoaded(o)||(document.addEventListener(\"gform_main_scripts_loaded\",()=>{gform.scriptsLoaded=!0,gform.callIfLoaded(o)}),document.addEventListener(\"gform\/theme\/scripts_loaded\",()=>{gform.themeScriptsLoaded=!0,gform.callIfLoaded(o)}),window.addEventListener(\"DOMContentLoaded\",()=>{gform.domLoaded=!0,gform.callIfLoaded(o)}))},hooks:{action:{},filter:{}},addAction:function(o,r,e,t){gform.addHook(\"action\",o,r,e,t)},addFilter:function(o,r,e,t){gform.addHook(\"filter\",o,r,e,t)},doAction:function(o){gform.doHook(\"action\",o,arguments)},applyFilters:function(o){return gform.doHook(\"filter\",o,arguments)},removeAction:function(o,r){gform.removeHook(\"action\",o,r)},removeFilter:function(o,r,e){gform.removeHook(\"filter\",o,r,e)},addHook:function(o,r,e,t,n){null==gform.hooks[o][r]&&(gform.hooks[o][r]=[]);var d=gform.hooks[o][r];null==n&&(n=r+\"_\"+d.length),gform.hooks[o][r].push({tag:n,callable:e,priority:t=null==t?10:t})},doHook:function(r,o,e){var t;if(e=Array.prototype.slice.call(e,1),null!=gform.hooks[r][o]&&((o=gform.hooks[r][o]).sort(function(o,r){return o.priority-r.priority}),o.forEach(function(o){\"function\"!=typeof(t=o.callable)&&(t=window[t]),\"action\"==r?t.apply(null,e):e[0]=t.apply(null,e)})),\"filter\"==r)return e[0]},removeHook:function(o,r,t,n){var e;null!=gform.hooks[o][r]&&(e=(e=gform.hooks[o][r]).filter(function(o,r,e){return!!(null!=n&&n!=o.tag||null!=t&&t!=o.priority)}),gform.hooks[o][r]=e)}});\n\/* ]]> *\/\n<\/script>\n\n                <div class='gf_browser_gecko gform_wrapper gform_legacy_markup_wrapper gform-theme--no-framework' data-form-theme='legacy' data-form-index='0' id='gform_wrapper_3' ><div id='gf_3' class='gform_anchor' tabindex='-1'><\/div><form method='post' enctype='multipart\/form-data' target='gform_ajax_frame_3' id='gform_3'  action='\/en\/wp-json\/wp\/v2\/pages\/1468#gf_3' data-formid='3' novalidate> \r\n <input type='hidden' class='gforms-pum' value='{\"closepopup\":false,\"closedelay\":0,\"openpopup\":false,\"openpopup_id\":0}' \/>\n                        <div class='gform-body gform_body'><ul id='gform_fields_3' class='gform_fields top_label form_sublabel_below description_below validation_below'><li id=\"field_3_12\" class=\"gfield gfield--type-honeypot gform_validation_container field_sublabel_below gfield--has-description field_description_below field_validation_below gfield_visibility_visible\"  ><label class='gfield_label gform-field-label' for='input_3_12'>Email<\/label><div class='ginput_container'><input name='input_12' id='input_3_12' type='text' value='' autocomplete='new-password'\/><\/div><div class='gfield_description' id='gfield_description_3_12'>This field is for validation purposes and should be left unchanged.<\/div><\/li><li id=\"field_3_2\" class=\"gfield gfield--type-text gf_left_half gfield_contains_required field_sublabel_below gfield--no-description field_description_below hidden_label field_validation_below gfield_visibility_visible\"  ><label class='gfield_label gform-field-label' for='input_3_2'>Pr\u00e9nom<span class=\"gfield_required\"><span class=\"gfield_required gfield_required_asterisk\">*<\/span><\/span><\/label><div class='ginput_container ginput_container_text'><input name='input_2' id='input_3_2' type='text' value='' class='large'   tabindex='1' placeholder='Pr\u00e9nom' aria-required=\"true\" aria-invalid=\"false\"   \/><\/div><\/li><li id=\"field_3_1\" class=\"gfield gfield--type-text gf_right_half gfield_contains_required field_sublabel_below gfield--no-description field_description_below hidden_label field_validation_below gfield_visibility_visible\"  ><label class='gfield_label gform-field-label' for='input_3_1'>Nom<span class=\"gfield_required\"><span class=\"gfield_required gfield_required_asterisk\">*<\/span><\/span><\/label><div class='ginput_container ginput_container_text'><input name='input_1' id='input_3_1' type='text' value='' class='large'   tabindex='2' placeholder='Nom' aria-required=\"true\" aria-invalid=\"false\"   \/><\/div><\/li><li id=\"field_3_6\" class=\"gfield gfield--type-phone gf_left_half gfield_contains_required field_sublabel_below gfield--no-description field_description_below hidden_label field_validation_below gfield_visibility_visible\"  ><label class='gfield_label gform-field-label' for='input_3_6'>T\u00e9l\u00e9phone<span class=\"gfield_required\"><span class=\"gfield_required gfield_required_asterisk\">*<\/span><\/span><\/label><div class='ginput_container ginput_container_phone'><input name='input_6' id='input_3_6' type='tel' value='' class='large' tabindex='3' placeholder='T\u00e9l\u00e9phone' aria-required=\"true\" aria-invalid=\"false\"   \/><\/div><\/li><li id=\"field_3_5\" class=\"gfield gfield--type-email gf_right_half gfield_contains_required field_sublabel_below gfield--no-description field_description_below hidden_label field_validation_below gfield_visibility_visible\"  ><label class='gfield_label gform-field-label' for='input_3_5'>E-mail<span class=\"gfield_required\"><span class=\"gfield_required gfield_required_asterisk\">*<\/span><\/span><\/label><div class='ginput_container ginput_container_email'>\n                            <input name='input_5' id='input_3_5' type='email' value='' class='medium' tabindex='4'  placeholder='Courriel' aria-required=\"true\" aria-invalid=\"false\"  \/>\n                        <\/div><\/li><li id=\"field_3_11\" class=\"gfield gfield--type-text gfield_contains_required field_sublabel_below gfield--no-description field_description_below field_validation_below gfield_visibility_visible\"  ><label class='gfield_label gform-field-label screen-reader-text' for='input_3_11'>Sujet<span class=\"gfield_required\"><span class=\"gfield_required gfield_required_asterisk\">*<\/span><\/span><\/label><div class='ginput_container ginput_container_text'><input name='input_11' id='input_3_11' type='text' value='' class='large'   tabindex='5' placeholder='Sujet' aria-required=\"true\" aria-invalid=\"false\"   \/><\/div><\/li><li id=\"field_3_9\" class=\"gfield gfield--type-textarea gfield_contains_required field_sublabel_below gfield--no-description field_description_below hidden_label field_validation_below gfield_visibility_visible\"  ><label class='gfield_label gform-field-label' for='input_3_9'>Description<span class=\"gfield_required\"><span class=\"gfield_required gfield_required_asterisk\">*<\/span><\/span><\/label><div class='ginput_container ginput_container_textarea'><textarea name='input_9' id='input_3_9' class='textarea large' tabindex='6'   placeholder='Description' aria-required=\"true\" aria-invalid=\"false\"   rows='10' cols='50'><\/textarea><\/div><\/li><li id=\"field_3_10\" class=\"gfield gfield--type-fileupload field_sublabel_below gfield--no-description field_description_below field_validation_below gfield_visibility_visible\"  ><label class='gfield_label gform-field-label' for='input_3_10'>Curriculum vit\u00e6<\/label><div class='ginput_container ginput_container_fileupload'><input type='hidden' name='MAX_FILE_SIZE' value='5242880' \/><input name='input_10' id='input_3_10' type='file' class='medium' aria-describedby=\"gfield_upload_rules_3_10\" onchange='javascript:gformValidateFileSize( this, 5242880 );' tabindex='7' \/><span class='gfield_description gform_fileupload_rules' id='gfield_upload_rules_3_10'>Accepted file types: docx, doc, xlsx, xls, pdf, jpg, png, zip, Max. file size: 5 MB.<\/span><div class='gfield_description validation_message gfield_validation_message validation_message--hidden-on-empty' id='live_validation_message_3_10'><\/div> <\/div><\/li><\/ul><\/div>\n        <div class='gform-footer gform_footer top_label'> <input type='submit' id='gform_submit_button_3' class='gform_button button' onclick='gform.submission.handleButtonClick(this);' data-submission-type='submit' value='Envoyer' tabindex='8' \/> <input type='hidden' name='gform_ajax' value='form_id=3&amp;title=&amp;description=&amp;tabindex=1&amp;theme=legacy&amp;hash=bc28bd80824c1deccaeb65eaa3a12b6d' \/>\n            <input type='hidden' class='gform_hidden' name='gform_submission_method' data-js='gform_submission_method_3' value='iframe' \/>\n            <input type='hidden' class='gform_hidden' name='gform_theme' data-js='gform_theme_3' id='gform_theme_3' value='legacy' \/>\n            <input type='hidden' class='gform_hidden' name='gform_style_settings' data-js='gform_style_settings_3' id='gform_style_settings_3' value='' \/>\n            <input type='hidden' class='gform_hidden' name='is_submit_3' value='1' \/>\n            <input type='hidden' class='gform_hidden' name='gform_submit' value='3' \/>\n            \n            <input type='hidden' class='gform_hidden' name='gform_currency' data-currency='CAD' value='k+uCPk8y7Gkxdo42AX0Yeda5YW9RbzEtefvlbnycqAoVmOaAiKs0qHrS1ZRW\/BKWT1Y8pzTS+h0DHcVHBFCFL8pGTrsmL0PtuAef6ChsJbo80+c=' \/>\n            <input type='hidden' class='gform_hidden' name='gform_unique_id' value='' \/>\n            <input type='hidden' class='gform_hidden' name='state_3' value='WyJbXSIsImM2Y2FhNWM5Y2QzNDlkYTk1MjhkN2RhMDgyNDNmODM0Il0=' \/>\n            <input type='hidden' autocomplete='off' class='gform_hidden' name='gform_target_page_number_3' id='gform_target_page_number_3' value='0' \/>\n            <input type='hidden' autocomplete='off' class='gform_hidden' name='gform_source_page_number_3' id='gform_source_page_number_3' value='1' \/>\n            <input type='hidden' name='gform_field_values' value='' \/>\n            \n        <\/div>\n                        <\/form>\n                        <\/div>\n\t\t                <iframe style='display:none;width:0px;height:0px;' src='about:blank' name='gform_ajax_frame_3' id='gform_ajax_frame_3' title='This iframe contains the logic required to handle Ajax powered Gravity Forms.'><\/iframe>\n\t\t                <script type=\"text\/javascript\">\n\/* <![CDATA[ *\/\n gform.initializeOnLoaded( function() {gformInitSpinner( 3, 'https:\/\/www.soquem.qc.ca\/wp-content\/plugins\/gravityforms\/images\/spinner.svg', true );jQuery('#gform_ajax_frame_3').on('load',function(){var contents = jQuery(this).contents().find('*').html();var is_postback = contents.indexOf('GF_AJAX_POSTBACK') >= 0;if(!is_postback){return;}var form_content = jQuery(this).contents().find('#gform_wrapper_3');var is_confirmation = jQuery(this).contents().find('#gform_confirmation_wrapper_3').length > 0;var is_redirect = contents.indexOf('gformRedirect(){') >= 0;var is_form = form_content.length > 0 && ! is_redirect && ! is_confirmation;var mt = parseInt(jQuery('html').css('margin-top'), 10) + parseInt(jQuery('body').css('margin-top'), 10) + 100;if(is_form){jQuery('#gform_wrapper_3').html(form_content.html());if(form_content.hasClass('gform_validation_error')){jQuery('#gform_wrapper_3').addClass('gform_validation_error');} else {jQuery('#gform_wrapper_3').removeClass('gform_validation_error');}setTimeout( function() { \/* delay the scroll by 50 milliseconds to fix a bug in chrome *\/ jQuery(document).scrollTop(jQuery('#gform_wrapper_3').offset().top - mt); }, 50 );if(window['gformInitDatepicker']) {gformInitDatepicker();}if(window['gformInitPriceFields']) {gformInitPriceFields();}var current_page = jQuery('#gform_source_page_number_3').val();gformInitSpinner( 3, 'https:\/\/www.soquem.qc.ca\/wp-content\/plugins\/gravityforms\/images\/spinner.svg', true );jQuery(document).trigger('gform_page_loaded', [3, current_page]);window['gf_submitting_3'] = false;}else if(!is_redirect){var confirmation_content = jQuery(this).contents().find('.GF_AJAX_POSTBACK').html();if(!confirmation_content){confirmation_content = contents;}jQuery('#gform_wrapper_3').replaceWith(confirmation_content);jQuery(document).scrollTop(jQuery('#gf_3').offset().top - mt);jQuery(document).trigger('gform_confirmation_loaded', [3]);window['gf_submitting_3'] = false;wp.a11y.speak(jQuery('#gform_confirmation_message_3').text());}else{jQuery('#gform_3').append(contents);if(window['gformRedirect']) {gformRedirect();}}jQuery(document).trigger(\"gform_pre_post_render\", [{ formId: \"3\", currentPage: \"current_page\", abort: function() { this.preventDefault(); } }]);        if (event && event.defaultPrevented) {                return;        }        const gformWrapperDiv = document.getElementById( \"gform_wrapper_3\" );        if ( gformWrapperDiv ) {            const visibilitySpan = document.createElement( \"span\" );            visibilitySpan.id = \"gform_visibility_test_3\";            gformWrapperDiv.insertAdjacentElement( \"afterend\", visibilitySpan );        }        const visibilityTestDiv = document.getElementById( \"gform_visibility_test_3\" );        let postRenderFired = false;        function triggerPostRender() {            if ( postRenderFired ) {                return;            }            postRenderFired = true;            gform.core.triggerPostRenderEvents( 3, current_page );            if ( visibilityTestDiv ) {                visibilityTestDiv.parentNode.removeChild( visibilityTestDiv );            }        }        function debounce( func, wait, immediate ) {            var timeout;            return function() {                var context = this, args = arguments;                var later = function() {                    timeout = null;                    if ( !immediate ) func.apply( context, args );                };                var callNow = immediate && !timeout;                clearTimeout( timeout );                timeout = setTimeout( later, wait );                if ( callNow ) func.apply( context, args );            };        }        const debouncedTriggerPostRender = debounce( function() {            triggerPostRender();        }, 200 );        if ( visibilityTestDiv && visibilityTestDiv.offsetParent === null ) {            const observer = new MutationObserver( ( mutations ) => {                mutations.forEach( ( mutation ) => {                    if ( mutation.type === 'attributes' && visibilityTestDiv.offsetParent !== null ) {                        debouncedTriggerPostRender();                        observer.disconnect();                    }                });            });            observer.observe( document.body, {                attributes: true,                childList: false,                subtree: true,                attributeFilter: [ 'style', 'class' ],            });        } else {            triggerPostRender();        }    } );} ); \n\/* ]]> *\/\n<\/script>\n<\/div><\/div><\/div><\/div><\/div><\/div><\/div><\/div><\/div><\/div>","protected":false},"excerpt":{"rendered":"<p>A career with SOQUEMSOQUEM offers challenging and rewarding career opportunities in the field of geoscience, technical support, and management. It also offers competitive salaries and applies the principles of equal access to employment. Spontaneous application FacebookThis field is for validation purposes and should be left unchanged.Pr\u00e9nom*Nom*T\u00e9l\u00e9phone*E-mail* Sujet*Description*Curriculum vit\u00e6Accepted file types: docx, doc, xlsx, xls, pdf, [&hellip;]<\/p>\n","protected":false},"author":1,"featured_media":0,"parent":0,"menu_order":22,"comment_status":"closed","ping_status":"closed","template":"","meta":{"_exactmetrics_skip_tracking":false,"_exactmetrics_sitenote_active":false,"_exactmetrics_sitenote_note":"","_exactmetrics_sitenote_category":0,"footnotes":""},"class_list":["post-1468","page","type-page","status-publish","hentry"],"_links":{"self":[{"href":"https:\/\/www.soquem.qc.ca\/en\/wp-json\/wp\/v2\/pages\/1468","targetHints":{"allow":["GET"]}}],"collection":[{"href":"https:\/\/www.soquem.qc.ca\/en\/wp-json\/wp\/v2\/pages"}],"about":[{"href":"https:\/\/www.soquem.qc.ca\/en\/wp-json\/wp\/v2\/types\/page"}],"author":[{"embeddable":true,"href":"https:\/\/www.soquem.qc.ca\/en\/wp-json\/wp\/v2\/users\/1"}],"replies":[{"embeddable":true,"href":"https:\/\/www.soquem.qc.ca\/en\/wp-json\/wp\/v2\/comments?post=1468"}],"version-history":[{"count":7,"href":"https:\/\/www.soquem.qc.ca\/en\/wp-json\/wp\/v2\/pages\/1468\/revisions"}],"predecessor-version":[{"id":1562,"href":"https:\/\/www.soquem.qc.ca\/en\/wp-json\/wp\/v2\/pages\/1468\/revisions\/1562"}],"wp:attachment":[{"href":"https:\/\/www.soquem.qc.ca\/en\/wp-json\/wp\/v2\/media?parent=1468"}],"curies":[{"name":"wp","href":"https:\/\/api.w.org\/{rel}","templated":true}]}}